{"id":5,"date":"2014-11-11T11:09:47","date_gmt":"2014-11-11T11:09:47","guid":{"rendered":"http:\/\/anpsthemes.com\/constructo\/?page_id=5"},"modified":"2023-01-24T17:34:57","modified_gmt":"2023-01-24T14:34:57","slug":"home","status":"publish","type":"page","link":"https:\/\/www.daphneconsultant.com\/en\/","title":{"rendered":"HOME"},"content":{"rendered":"<p>[vc_row has_content=&#8221;true&#8221;][vc_column][rev_slider_vc alias=&#8221;main-slider-1&#8243;][\/vc_column][\/vc_row][vc_row full_width=&#8221;stretch_row&#8221; video_bg=&#8221;yes&#8221; video_bg_url=&#8221;https:\/\/www.youtube.com\/watch?v=uLhPSFyuhbE&#8221; css=&#8221;.vc_custom_1615331143511{margin-top: -35px !important;margin-bottom: 20px !important;padding-top: 35px !important;padding-bottom: 35px !important;background-image: url(http:\/\/www.daphneconsultant.com\/wp-content\/uploads\/2014\/11\/1400&#215;200-2.jpg?id=596) !important;background-position: center !important;background-repeat: no-repeat !important;background-size: cover !important;}&#8221; has_content=&#8221;inside&#8221;][vc_column width=&#8221;5\/6&#8243;][vc_column_text css=&#8221;.vc_custom_1615888631544{margin-top: -10px !important;}&#8221;]<\/p>\n<h1 style=\"text-align: center;\"><span style=\"color: #ffffff;\"><strong>THE RIGHT ADDRESS FOR TRADE AND CONSULTANCY<\/strong><\/span><\/h1>\n<p>[\/vc_column_text][\/vc_column][vc_column width=&#8221;1\/6&#8243;]<a target=\"_self\" href=\"http:\/\/www.daphneconsultant.com\/about-us\/\" class=\"btn  btn-md style-1\" id=\"custom-id-2\" style=\"\">ABOUT US<\/a>[\/vc_column][\/vc_row][vc_row][vc_column]<h1 class='heading-middle  divider-lg' ><span>OUR SERVICE AREAS<\/span><\/h1>[\/vc_column][\/vc_row][vc_row full_width=&#8221;stretch_row&#8221; css=&#8221;.vc_custom_1615331430767{background-image: url(http:\/\/www.daphneconsultant.com\/wp-content\/uploads\/2021\/03\/\u2014Pngtree\u2014vector-abstract-perspective-flyer-or_984883.png?id=893) !important;}&#8221;][vc_column width=&#8221;1\/3&#8243;]<h3 class='heading-middle  divider-sm' ><span>EXPORT CONSULTANCY<\/span><\/h3>[vc_empty_space height=&#8221;20px&#8221;][vc_single_image image=&#8221;860&#8243; img_size=&#8221;full&#8221; alignment=&#8221;center&#8221; style=&#8221;vc_box_outline&#8221; border_color=&#8221;blue&#8221; onclick=&#8221;custom_link&#8221; css_animation=&#8221;flipInX&#8221; link=&#8221;http:\/\/www.daphneconsultant.com\/ihracat-danismanligi\/&#8221;]<h3 class='heading-middle  divider-sm' ><span>MANAGEMENT CONSULTANCY<\/span><\/h3>[vc_empty_space height=&#8221;20px&#8221;][vc_single_image image=&#8221;1007&#8243; img_size=&#8221;full&#8221; alignment=&#8221;center&#8221; style=&#8221;vc_box_outline&#8221; border_color=&#8221;blue&#8221; onclick=&#8221;custom_link&#8221; css_animation=&#8221;flipInX&#8221; link=&#8221;http:\/\/www.daphneconsultant.com\/yonetim-danismanligi\/&#8221;][vc_empty_space height=&#8221;20px&#8221;][\/vc_column][vc_column width=&#8221;1\/3&#8243;]<h3 class='heading-middle  divider-sm' ><span>IMPORT CONSULTANCY<\/span><\/h3>[vc_empty_space height=&#8221;20px&#8221;][vc_single_image image=&#8221;861&#8243; img_size=&#8221;full&#8221; alignment=&#8221;center&#8221; style=&#8221;vc_box_outline&#8221; border_color=&#8221;blue&#8221; onclick=&#8221;custom_link&#8221; css_animation=&#8221;flipInX&#8221; link=&#8221;http:\/\/www.daphneconsultant.com\/ithalat-danismanligi\/&#8221;]<h3 class='heading-middle  divider-sm' ><span>FOREIGN TRADE TRAININGS<\/span><\/h3>[vc_empty_space height=&#8221;20px&#8221;][vc_single_image image=&#8221;864&#8243; img_size=&#8221;full&#8221; alignment=&#8221;center&#8221; style=&#8221;vc_box_outline&#8221; border_color=&#8221;blue&#8221; onclick=&#8221;custom_link&#8221; css_animation=&#8221;flipInX&#8221; link=&#8221;http:\/\/www.daphneconsultant.com\/dis-ticaret-egitimleri\/&#8221;][vc_empty_space height=&#8221;20px&#8221;][\/vc_column][vc_column width=&#8221;1\/3&#8243;]<h3 class='heading-middle  divider-sm' ><span>THE MARKET RESEARCH<\/span><\/h3>[vc_empty_space height=&#8221;20px&#8221;][vc_single_image image=&#8221;862&#8243; img_size=&#8221;full&#8221; alignment=&#8221;center&#8221; style=&#8221;vc_box_outline&#8221; border_color=&#8221;blue&#8221; onclick=&#8221;custom_link&#8221; css_animation=&#8221;flipInX&#8221; link=&#8221;http:\/\/www.daphneconsultant.com\/pazar-arastirmasi\/&#8221;]<h3 class='heading-middle  divider-sm' ><span>SECTORS<\/span><\/h3>[vc_empty_space height=&#8221;20px&#8221;][vc_empty_space height=&#8221;20px&#8221;][vc_single_image image=&#8221;1008&#8243; img_size=&#8221;full&#8221; alignment=&#8221;center&#8221; style=&#8221;vc_box_outline&#8221; border_color=&#8221;blue&#8221; css_animation=&#8221;flipInX&#8221;][vc_empty_space height=&#8221;20px&#8221;][\/vc_column][\/vc_row][vc_row full_width=&#8221;stretch_row&#8221; css=&#8221;.vc_custom_1615418934451{padding-top: 70px !important;background-image: url(http:\/\/www.daphneconsultant.com\/wp-content\/uploads\/2021\/03\/LJu8WaBZy5pD73qghftmWjWZf33sA2IHytXoexQG-scaled.jpeg?id=884) !important;}&#8221;][vc_column width=&#8221;1\/2&#8243;][vc_single_image image=&#8221;937&#8243; img_size=&#8221;full&#8221; alignment=&#8221;center&#8221; style=&#8221;vc_box_outline&#8221; border_color=&#8221;blue&#8221; css_animation=&#8221;fadeInDown&#8221; css=&#8221;.vc_custom_1615419146849{padding-bottom: 35px !important;}&#8221;][\/vc_column][vc_column width=&#8221;1\/2&#8243;][vc_column_text css_animation=&#8221;fadeInRight&#8221;]<\/p>\n<h1><strong>ABOUT US<\/strong><\/h1>\n<p>Our team, which has 14 years of experience in the foreign trade sector, started its activities under Daphne company in 2019.<\/p>\n<p>In our consultancy services, our companies are effective and efficient in international markets [\u2026][\/vc_column_text][vc_empty_space][vc_btn title=&#8221;More&#8221; style=&#8221;flat&#8221; color=&#8221;blue&#8221; css_animation=&#8221;fadeInRight&#8221;][\/vc_column][\/vc_row][vc_row full_width=&#8221;stretch_row_content_no_spaces&#8221; has_content=&#8221;false&#8221; el_class=&#8221;text-center&#8221;][vc_column]<section  data-vc-parallax=\"1.5\" class=\"statement vc_parallax\" style=\"background-image: url('https:\/\/www.daphneconsultant.com\/wp-content\/uploads\/2021\/03\/slogan2.jpg');\">[vc_column_text][\/vc_column_text][vc_empty_space height=&#8221;15px&#8221;]<a target=\"_self\" href=\"http:\/\/www.daphneconsultant.com\/contact-us\/\" class=\"btn  btn-md style-1\" id=\"custom-id-3\" style=\"\">CONTACT<\/a><\/section>[\/vc_column][\/vc_row][vc_row has_content=&#8221;true&#8221;][vc_column]<h3 class='heading-middle  style-1' ><span>OUR REFERENCES<\/span><\/h3>[vc_empty_space][vc_column_text]\t\t\t\t<style>\t\t\t\n\t\t\t#wpls-logo-showcase-slider-2 .wpls-fix-box,\n\t\t\t#wpls-logo-showcase-slider-2 .wpls-fix-box img.wp-post-image{max-height:250px; }\n\t\t<\/style>\n\t\t<div class=\"wpls-logo-showcase-slider-wrp wpls-logo-clearfix \" data-conf=\"{&quot;slides_column&quot;:4,&quot;slides_scroll&quot;:1,&quot;dots&quot;:&quot;true&quot;,&quot;arrows&quot;:&quot;true&quot;,&quot;autoplay&quot;:&quot;true&quot;,&quot;autoplay_interval&quot;:2000,&quot;loop&quot;:&quot;true&quot;,&quot;rtl&quot;:&quot;false&quot;,&quot;speed&quot;:1000,&quot;center_mode&quot;:&quot;false&quot;,&quot;lazyload&quot;:&quot;&quot;}\">\n\t\t\t<div class=\"wpls-logo-showcase logo_showcase wpls-logo-slider  wpls-design-1  sliderimage_hide_border \" id=\"wpls-logo-showcase-slider-2\" >\n\t\t\t\t\n<div class=\"wpls-logo-cnt\">\n\t<div class=\"wpls-fix-box\">\n\t\t\t\t\t<img class=\"wp-post-image\"  src=\"https:\/\/www.daphneconsultant.com\/wp-content\/uploads\/2021\/03\/1_1.png\" title=\"1_1\" alt=\"\" \/>\n\t\t\t<\/div>\n\t<\/div>\n<div class=\"wpls-logo-cnt\">\n\t<div class=\"wpls-fix-box\">\n\t\t\t\t\t<img class=\"wp-post-image\"  src=\"https:\/\/www.daphneconsultant.com\/wp-content\/uploads\/2021\/03\/transmot.png\" title=\"transmot\" alt=\"\" \/>\n\t\t\t<\/div>\n\t<\/div>\n<div class=\"wpls-logo-cnt\">\n\t<div class=\"wpls-fix-box\">\n\t\t\t\t\t<img class=\"wp-post-image\"  src=\"https:\/\/www.daphneconsultant.com\/wp-content\/uploads\/2021\/03\/referans7.jpg\" title=\"referans7\" alt=\"\" \/>\n\t\t\t<\/div>\n\t<\/div>\n<div class=\"wpls-logo-cnt\">\n\t<div class=\"wpls-fix-box\">\n\t\t\t\t\t<img class=\"wp-post-image\"  src=\"https:\/\/www.daphneconsultant.com\/wp-content\/uploads\/2021\/03\/referans5.gif\" title=\"referans5\" alt=\"\" \/>\n\t\t\t<\/div>\n\t<\/div>\n<div class=\"wpls-logo-cnt\">\n\t<div class=\"wpls-fix-box\">\n\t\t\t\t\t<img class=\"wp-post-image\"  src=\"https:\/\/www.daphneconsultant.com\/wp-content\/uploads\/2021\/10\/prens-aksesuar-300150.jpg\" title=\"prens aksesuar 300150\" alt=\"\" \/>\n\t\t\t<\/div>\n\t<\/div>\n<div class=\"wpls-logo-cnt\">\n\t<div class=\"wpls-fix-box\">\n\t\t\t\t\t<img class=\"wp-post-image\"  src=\"https:\/\/www.daphneconsultant.com\/wp-content\/uploads\/2021\/10\/5.jpg\" title=\"5\" alt=\"\" \/>\n\t\t\t<\/div>\n\t<\/div>\n<div class=\"wpls-logo-cnt\">\n\t<div class=\"wpls-fix-box\">\n\t\t\t\t\t<img class=\"wp-post-image\"  src=\"https:\/\/www.daphneconsultant.com\/wp-content\/uploads\/2021\/03\/5.jpg\" title=\"5\" alt=\"\" \/>\n\t\t\t<\/div>\n\t<\/div>\n<div class=\"wpls-logo-cnt\">\n\t<div class=\"wpls-fix-box\">\n\t\t\t\t\t<img class=\"wp-post-image\"  src=\"https:\/\/www.daphneconsultant.com\/wp-content\/uploads\/2021\/10\/efe-lojistik.jpg\" title=\"efe lojistik\" alt=\"\" \/>\n\t\t\t<\/div>\n\t<\/div>\n<div class=\"wpls-logo-cnt\">\n\t<div class=\"wpls-fix-box\">\n\t\t\t\t\t<img class=\"wp-post-image\"  src=\"https:\/\/www.daphneconsultant.com\/wp-content\/uploads\/2021\/10\/istanbul-ihracatci-birlikleri.jpg\" title=\"istanbul ihracat\u00e7\u0131 birlikleri\" alt=\"\" \/>\n\t\t\t<\/div>\n\t<\/div>\n<div class=\"wpls-logo-cnt\">\n\t<div class=\"wpls-fix-box\">\n\t\t\t\t\t<img class=\"wp-post-image\"  src=\"https:\/\/www.daphneconsultant.com\/wp-content\/uploads\/2021\/10\/GILLA-S-QUEEN.jpg\" title=\"GILLA S QUEEN\" alt=\"\" \/>\n\t\t\t<\/div>\n\t<\/div>\n<div class=\"wpls-logo-cnt\">\n\t<div class=\"wpls-fix-box\">\n\t\t\t\t\t<img class=\"wp-post-image\"  src=\"https:\/\/www.daphneconsultant.com\/wp-content\/uploads\/2021\/10\/MALATYA-SANAYI-TICARET-ODASI.jpg\" title=\"MALATYA SANAY\u0130 T\u0130CARET ODASI\" alt=\"\" \/>\n\t\t\t<\/div>\n\t<\/div>\n<div class=\"wpls-logo-cnt\">\n\t<div class=\"wpls-fix-box\">\n\t\t\t\t\t<img class=\"wp-post-image\"  src=\"https:\/\/www.daphneconsultant.com\/wp-content\/uploads\/2021\/10\/Basliksiz-3.jpg\" title=\"Ba\u015fl\u0131ks\u0131z-3\" alt=\"\" \/>\n\t\t\t<\/div>\n\t<\/div>\n<div class=\"wpls-logo-cnt\">\n\t<div class=\"wpls-fix-box\">\n\t\t\t\t\t<img class=\"wp-post-image\"  src=\"https:\/\/www.daphneconsultant.com\/wp-content\/uploads\/2021\/10\/4.jpg\" title=\"4\" alt=\"\" \/>\n\t\t\t<\/div>\n\t<\/div>\n<div class=\"wpls-logo-cnt\">\n\t<div class=\"wpls-fix-box\">\n\t\t\t\t\t<a href=\"http:\/\/kyboya.com.tr\/\" target=\"_self\">\n\t\t\t\t<img class=\"wp-post-image\"  src=\"https:\/\/www.daphneconsultant.com\/wp-content\/uploads\/2022\/03\/1111.jpg\" title=\"1111\" alt=\"\" \/>\n\t\t\t<\/a>\n\t\t\t<\/div>\n\t<\/div>\n<div class=\"wpls-logo-cnt\">\n\t<div class=\"wpls-fix-box\">\n\t\t\t\t\t<a href=\"https:\/\/tim.org.tr\/tr\/default\" target=\"_self\">\n\t\t\t\t<img class=\"wp-post-image\"  src=\"https:\/\/www.daphneconsultant.com\/wp-content\/uploads\/2022\/03\/22222.jpg\" title=\"22222\" alt=\"\" \/>\n\t\t\t<\/a>\n\t\t\t<\/div>\n\t<\/div>\t\t\t<\/div>\n\t\t<\/div>\n\t\t\t\n\t\t[\/vc_column_text][vc_empty_space][\/vc_column][\/vc_row]<\/p>","protected":false},"excerpt":{"rendered":"<p>[vc_row has_content=&#8221;true&#8221;][vc_column][rev_slider_vc alias=&#8221;main-slider-1&#8243;][\/vc_column][\/vc_row][vc_row full_width=&#8221;stretch_row&#8221; video_bg=&#8221;yes&#8221; video_bg_url=&#8221;https:\/\/www.youtube.com\/watch?v=uLhPSFyuhbE&#8221; css=&#8221;.vc_custom_1615331143511{margin-top: -35px !important;margin-bottom: 20px !important;padding-top: 35px !important;padding-bottom: 35px !important;background-image: url(http:\/\/www.daphneconsultant.com\/wp-content\/uploads\/2014\/11\/1400&#215;200-2.jpg?id=596) !important;background-position: center !important;background-repeat: no-repeat !important;background-size: cover !important;}&#8221; has_content=&#8221;inside&#8221;][vc_column width=&#8221;5\/6&#8243;][vc_column_text css=&#8221;.vc_custom_1615888631544{margin-top: -10px !important;}&#8221;] THE RIGHT ADDRESS FOR TRADE AND CONSULTANCY [\/vc_column_text][\/vc_column][vc_column width=&#8221;1\/6&#8243;][\/vc_column][\/vc_row][vc_row][vc_column][\/vc_column][\/vc_row][vc_row full_width=&#8221;stretch_row&#8221; css=&#8221;.vc_custom_1615331430767{background-image: url(http:\/\/www.daphneconsultant.com\/wp-content\/uploads\/2021\/03\/\u2014Pngtree\u2014vector-abstract-perspective-flyer-or_984883.png?id=893)&#8230;<\/p>\n","protected":false},"author":2,"featured_media":0,"parent":0,"menu_order":0,"comment_status":"open","ping_status":"open","template":"","meta":[],"_links":{"self":[{"href":"https:\/\/www.daphneconsultant.com\/en\/wp-json\/wp\/v2\/pages\/5"}],"collection":[{"href":"https:\/\/www.daphneconsultant.com\/en\/wp-json\/wp\/v2\/pages"}],"about":[{"href":"https:\/\/www.daphneconsultant.com\/en\/wp-json\/wp\/v2\/types\/page"}],"author":[{"embeddable":true,"href":"https:\/\/www.daphneconsultant.com\/en\/wp-json\/wp\/v2\/users\/2"}],"replies":[{"embeddable":true,"href":"https:\/\/www.daphneconsultant.com\/en\/wp-json\/wp\/v2\/comments?post=5"}],"version-history":[{"count":100,"href":"https:\/\/www.daphneconsultant.com\/en\/wp-json\/wp\/v2\/pages\/5\/revisions"}],"predecessor-version":[{"id":1278,"href":"https:\/\/www.daphneconsultant.com\/en\/wp-json\/wp\/v2\/pages\/5\/revisions\/1278"}],"wp:attachment":[{"href":"https:\/\/www.daphneconsultant.com\/en\/wp-json\/wp\/v2\/media?parent=5"}],"curies":[{"name":"wp","href":"https:\/\/api.w.org\/{rel}","templated":true}]}}